{"id":65,"date":"2019-07-01T21:27:11","date_gmt":"2019-07-01T20:27:11","guid":{"rendered":"https:\/?page_id=65"},"modified":"2020-10-12T12:56:39","modified_gmt":"2020-10-12T11:56:39","slug":"die-institute-der-fachgruppe-biologie","status":"publish","type":"page","link":"https:\/\/www.fsbio.rwth-aachen.de\/?page_id=65","title":{"rendered":"Die Institute der Fachgruppe Biologie"},"content":{"rendered":"\n<p>Die Institute der <a href=\"http:\/\/www.bio2.rwth-aachen.de\/fachgruppe\/fgrbio.htm\">Fachgruppe Biologie<\/a> an der <a href=\"http:\/\/www.rwth-aachen.de\">RWTH Aachen<\/a><\/p>\n\n\n\n<table class=\"wp-block-table is-style-stripes\"><tbody><tr><td>\n\t\t\t\tBio I<\/td><td><strong>Botanik\/Molekulare Genetik <\/strong><br><a href=\"http:\/\/www.bio1.rwth-aachen.de\/PlantMolCellBiology\/index.html\">Panstruga Lab (Molekulare Zellbiologie)<\/a> (Prof. Dr. Ralph Panstruga)<br>und<br><a href=\"http:\/\/vandongenlab.wordpress.com\/\">van Dongen Lab (Molekulare \u00d6kologie der Rhizosph\u00e4re)<\/a> (Prof. Dr. Joost van Dongen).<br><\/td><\/tr><tr><td>\n\t\t\t\tBio II<\/td><td><strong>Zoologie <\/strong><br><a href=\"http:\/\/www.bio2.rwth-aachen.de\">Lehrstuhl f\u00fcr Zoologie und Tierphysiologie,<\/a><br><a href=\"http:\/\/www.sensorik.rwth-aachen.de\/\">Chemosensorik<\/a> (Prof. Dr. Marc Spehr),<br><a rel=\"noreferrer noopener\" href=\"http:\/\/www.brain.rwth-aachen.de\/\" target=\"_blank\">Molekulare und Systemische Neurophysiologie<\/a>  (Prof. Dr. Bj\u00f6rn Kampa),<br><a href=\"http:\/\/www.humanbiologie.rwth-aachen.de\/\">Lehr- und Forschungsgebiet Zoologie und Humanbiologie<\/a>,<br>Neurologische Motorsysteme (Prof. Dr, Till Marquardt),<br><a href=\"http:\/\/www.zai.rwth-aachen.de\/\">Lehr- und Forschungsgebiet Zellul\u00e4re und Angewandte Infektionsbiologie<\/a> (Prof. Dr. Gabriele Pradel), <br><a href=\"http:\/\/www.bio2.rwth-aachen.de\/index.php?id=108\">Funktionale Epigenetik<\/a> (Prof. Dr. Geraldine Zimmer-Bensch)<br><a href=\"http:\/\/www.neuromodulation.rwth-aachen.de\/\">Neuromodulation<\/a> (Prof. Dr. Markus Rothermel),<br><a href=\"http:\/\/www.fz-juelich.de\/ics\/ics-4\/DE\/Home\/home_node.html\">Molekulare Sinnes- und Neurobiologie (FZ J\u00fclich)<\/a>  (Prof. Dr. Christoph Fahlke)  und <br><a href=\"http:\/\/www.fz-juelich.de\/inm\/inm-6\/EN\/Forschung\/Gruen\/artikel.html\">Theoretische Systemneurobiologie (FZ J\u00fclich)<\/a>  (Prof. Dr. Sonja Gr\u00fcn)<\/td><\/tr><tr><td>\n\t\t\t\tBio III<\/td><td><strong> Pflanzenphysiologie<\/strong> <br><a href=\"http:\/\/www.bio3.rwth-aachen.de\/Garlic%20Group\/index%20garlic%20group.html\">&#8222;Garlic Group&#8220; <\/a> (Prof. Dr. Alan Slusarenko,<br> <a href=\"http:\/\/www.bio3.rwth-aachen.de\/Ribalab%20www\/index%20ribalab_deu.htm\">&#8222;RiceBarley-Lab&#8220;<\/a> (Prof. Dr. Ulrich Schaffrath), <br><a href=\"http:\/\/www.bcmbpf.rwth-aachen.de\/\">Biochemie und Molekularbiologie der Pflanzen <\/a>  <br>(Prof. Dr. Uwe Conrath) und <a href=\"http:\/\/www.pflanzenschutzdienst.de\/\">Angewandte Phytopathologie<\/a> (Prof. Dr. Bernd B\u00f6hmer).<\/td><\/tr><tr><td>\n\t\t\t\tBio IV<\/td><td><strong>Angewandte Mikrobiologie <\/strong><br><a href=\"https:\/\/www.biologie.rwth-aachen.de\/go\/id\/iqwn\">Blank Lab (Angewandte Mikrobiologie)<\/a> (Prof. Dr. Lars Blank)<br>und<br><a href=\"http:\/\/www.fz-juelich.de\/ibg\/ibg-1\/DE\/Forschung\/Systembiotechnologie\/biocat\/biocat_node.html\">Rother Lab (Synthetische Enzymkaskaden)<\/a> (Prof. Dr. D\u00f6rte Rother).<\/td><\/tr><tr><td>\n\t\t\t\tBio V<\/td><td><strong>Umweltforschung<\/strong> <br><a href=\"http:\/\/www.bio5.rwth-aachen.de\/index.php\/de\/mitarbeiter\/institutsleiter\/5-prof-dr-rer-nat-andreas-schaeffer\">Umweltbiologie und Chemodynamik<\/a> (Prof. Dr. Andreas Sch\u00e4ffer).<\/td><\/tr><tr><td>\n\t\t\t\tBio VI<\/td><td><strong>Biotechnologie <\/strong><br><a rel=\"noreferrer noopener\" href=\"http:\/\/www.biotec.rwth-aachen.de\/\" target=\"_blank\">Lehrstuhl f\u00fcr Biotechnologie<\/a>, <br><a href=\"https:\/\/www.biotec.rwth-aachen.de\/cms\/BIOTEC\/Der-Lehrstuhl\/~lasl\/ABBT-Team-Elling\/\">ABBt Team Elling<\/a> (Prof. Dr. Lothar Elling),<br><a href=\"https:\/\/www.biotec.rwth-aachen.de\/cms\/BIOTEC\/Der-Lehrstuhl\/~lasm\/ABBT-Team-Oldiges\/\">ABBt Team Oldiges<\/a> (Prof. Dr. Marco Oldiges),<br><a href=\"https:\/\/www.biotec.rwth-aachen.de\/cms\/BIOTEC\/Der-Lehrstuhl\/~jfjou\/ABBt-Team-Marienhagen\/\">ABBt Team Marienhagen<\/a> (Prof. Dr. Jan Marienhagen),<br>das&nbsp;<a rel=\"noreferrer noopener\" href=\"http:\/\/www.biotec-biomat.rwth-aachen.de\/viewpage.php?lang=de&amp;page=home\" target=\"_blank\">Lehr- und Forschungsgebiet Biomaterialien<\/a><br>und die&nbsp;<a rel=\"noreferrer noopener\" href=\"http:\/\/www.biocat.rwth-aachen.de\/\" target=\"_blank\">Juniorprofessur f\u00fcr Biokatalyse<\/a> <\/td><\/tr><tr><td>\n\t\t\t\tBio VII<\/td><td><strong>Molekulare Biotechnologie <\/strong><br><a href=\"http:\/\/molbiotech.rwth-aachen.de\/index.php\/de\/\">Molekulare Biotechnologie <\/a> <br>AG Commandeur und AG Hoffmann<\/td><\/tr><tr><td>\n\t\t\t\tBio VT<\/td><td><strong>Bioverfahrenstechnik<\/strong><br><a href=\"http:\/\/www.avt.rwth-aachen.de\/AVT\/index.php?id=78\">Bioverfahrenstechnik<\/a> (Prof. Dr. -Ing. Jochen B\u00fcchs)<\/td><\/tr><\/tbody><\/table>\n","protected":false},"excerpt":{"rendered":"<p>Die Institute der Fachgruppe Biologie an der RWTH Aachen Bio I Botanik\/Molekulare Genetik Panstruga Lab (Molekulare Zellbiologie) (Prof. Dr. Ralph Panstruga)undvan Dongen Lab (Molekulare \u00d6kologie der Rhizosph\u00e4re) (Prof. Dr. Joost van Dongen). Bio II Zoologie Lehrstuhl f\u00fcr Zoologie und Tierphysiologie,Chemosensorik (Prof. Dr. Marc Spehr),Molekulare und Systemische Neurophysiologie (Prof. Dr. Bj\u00f6rn Kampa),Lehr- und Forschungsgebiet Zoologie und Humanbiologie,Neurologische Motorsysteme (Prof. Dr, Till [&hellip;]<\/p>\n","protected":false},"author":3,"featured_media":0,"parent":0,"menu_order":0,"comment_status":"closed","ping_status":"closed","template":"","meta":[],"_links":{"self":[{"href":"https:\/\/www.fsbio.rwth-aachen.de\/index.php?rest_route=\/wp\/v2\/pages\/65"}],"collection":[{"href":"https:\/\/www.fsbio.rwth-aachen.de\/index.php?rest_route=\/wp\/v2\/pages"}],"about":[{"href":"https:\/\/www.fsbio.rwth-aachen.de\/index.php?rest_route=\/wp\/v2\/types\/page"}],"author":[{"embeddable":true,"href":"https:\/\/www.fsbio.rwth-aachen.de\/index.php?rest_route=\/wp\/v2\/users\/3"}],"replies":[{"embeddable":true,"href":"https:\/\/www.fsbio.rwth-aachen.de\/index.php?rest_route=%2Fwp%2Fv2%2Fcomments&post=65"}],"version-history":[{"count":9,"href":"https:\/\/www.fsbio.rwth-aachen.de\/index.php?rest_route=\/wp\/v2\/pages\/65\/revisions"}],"predecessor-version":[{"id":756,"href":"https:\/\/www.fsbio.rwth-aachen.de\/index.php?rest_route=\/wp\/v2\/pages\/65\/revisions\/756"}],"wp:attachment":[{"href":"https:\/\/www.fsbio.rwth-aachen.de\/index.php?rest_route=%2Fwp%2Fv2%2Fmedia&parent=65"}],"curies":[{"name":"wp","href":"https:\/\/api.w.org\/{rel}","templated":true}]}}