{"id":38,"date":"2019-07-01T21:20:35","date_gmt":"2019-07-01T20:20:35","guid":{"rendered":"https:\/?page_id=38"},"modified":"2021-10-12T15:00:08","modified_gmt":"2021-10-12T13:00:08","slug":"fachschaftsarbeit-was-ist-das","status":"publish","type":"page","link":"https:\/\/www.fsbio.rwth-aachen.de\/?page_id=38","title":{"rendered":"Gremien und Arbeitsgruppen"},"content":{"rendered":"<p>\n<!--StartFragment--><\/p>\n\n\n<p>Unter Fachschaftsarbeit verstehen wir alle, was der Fachschaftsrat und seine Helfer tun. Das Hauptziel dabei ist, das Studium besser und angenehmer zu machen und die Interessen m\u00f6glichst aller Studierender der Fachschaft zu vertreten.<\/p>\n\n\n\n<h3>Unsere Aufgaben sind recht unterschiedlich:<\/h3>\n\n\n\n<p>Ein gro\u00dfer Aufgabenbereich ist die&nbsp;<strong>Erstsemesterarbeit<\/strong>. Zur Erstsemesterarbeit geh\u00f6rt vorrangig, in den ersten Tagen f\u00fcr die neuen Studis als Ansprechpartner zur Verf\u00fcgung zu stehen. Wir organisieren die&nbsp;<strong>Einf\u00fchrungswoche<\/strong>&nbsp;mit den Tutorien, der Ersti-Rallye und einem Grillabend, bei dem die Erstsemester und Professoren sich kennen lernen k\u00f6nnen. Au\u00dferdem bieten wir die Erstifahrt an, bei der die Erstsemester sich untereinander besser kennenlernen, aber auch Kontakt zu Fachschaftlern und h\u00f6heren Semestern kn\u00fcpfen k\u00f6nnen.<\/p>\n\n\n\n<p>Um die Erstsemesterarbeit zu finanzieren, aber auch f\u00fcr andere Serviceleistungen (wie z.B. das kostenlose Drucken), nehmen wir Geld mit unseren&nbsp;<strong>Bio-Partys<\/strong>&nbsp;ein. Diese m\u00fcssen organisiert werden, was ebenfalls zur Fachschaftsarbeit geh\u00f6rt. Au\u00dferdem veranstalten wir regelm\u00e4\u00dfig&nbsp;<strong>Grillfeste<\/strong>, zum Beispiel f\u00fcr die Ersties und Professoren oder auch f\u00fcr alle Fachschaften der Fakult\u00e4t, so dass man sich in entspanntem Rahmen kennenlernen kann.<\/p>\n\n\n\n<p>Das kostenlose Drucken ist eine der&nbsp;<strong>Serviceleistungen<\/strong>, die wir unseren Studierenden anbieten, das Verwalten der Homepage und Scieboeine weitere. Und wenn ihr den Automatenkaffee vom Flur satt habt, dann k\u00f6nnt ihr auch unseren Kaffeevollautomaten nutzen, mit dem wir zum Selbstkostenpreis&nbsp;<strong>frischen Kaffee<\/strong>&nbsp;anbieten.<\/p>\n\n\n\n<p>Ein anderer Aufgabenbereich ist das Mitwirken in verschiedenen&nbsp;<strong>Hochschulgremien.&nbsp;<\/strong>Dazu z\u00e4hlen unter anderem der&nbsp;<strong>Pr\u00fcfungsausschuss<\/strong>, in dem die Pr\u00fcfungsangelegenheiten aller Studierenden diskutiert und beschlossen werden, der&nbsp;<strong><a href=\"http:\/\/www.fb1.rwth-aachen.de\/aw\/cms\/Fakultaet_1\/Themen\/~tph\/fakultaetsrat\/?lang=de\">Fakult\u00e4tsrat<\/a><\/strong>, der in der gesamten naturwissenschaftlichen Fakult\u00e4t als \u00fcbergeordnetes Gremium funktioniert und die Fachkommission, in der Studenten, Professoren und Mitarbeiter der Institute zusammen kommen, um Informationen auszutauschen. Au\u00dferdem sind Studierende an Berufungskommissionen beteiligt, in denen offene Professorenstellen besetzt werden.<\/p>\n\n\n\n<p>Die Fachschaft sieht sich auch als&nbsp;<strong>Vermittler zwischen Studenten und Dozenten<\/strong>. Studentische Probleme oder Anliegen werden von uns an die jeweiligen Dozenten herangetragen, so dass eine L\u00f6sung im Sinne aller Beteiligten gefunden werden kann. Hier versuchen wir, das gro\u00dfe Gewicht, das dem Wort der Studenten im allgemeinen zugemessen wird, klug und diplomatisch zu nutzen.<\/p>\n\n\n\n<p>In unseren&nbsp;<strong>\u00d6ffnungszeiten<\/strong>&nbsp;versuchen wir f\u00fcr die Studierenden ein Ansprechpartner zu sein und ihnen mit Rat und Tat zur Seite zu stehen. Vor allem da bei uns Studenten aller Studienrichtungen und Fachsemester vertreten sind, k\u00f6nnen wir aus einem gro\u00dfen Erfahrungsschatz sch\u00f6pfen und in vielen Sachfragen weiterhelfen. Au\u00dferdem kennen wir die meisten wichtigen Ansprechpartner und k\u00f6nnen euch gegebenenfalls zu den richtigen Stellen weiterschicken.<\/p>\n\n\n<p><!--EndFragment--><\/p>\n<p><\/p>","protected":false},"excerpt":{"rendered":"<p>Unter Fachschaftsarbeit verstehen wir alle, was der Fachschaftsrat und seine Helfer tun. Das Hauptziel dabei ist, das Studium besser und angenehmer zu machen und die Interessen m\u00f6glichst aller Studierender der Fachschaft zu vertreten. Unsere Aufgaben sind recht unterschiedlich: Ein gro\u00dfer Aufgabenbereich ist die&nbsp;Erstsemesterarbeit. Zur Erstsemesterarbeit geh\u00f6rt vorrangig, in den ersten Tagen f\u00fcr die neuen Studis als Ansprechpartner zur Verf\u00fcgung zu [&hellip;]<\/p>\n","protected":false},"author":3,"featured_media":0,"parent":0,"menu_order":0,"comment_status":"closed","ping_status":"closed","template":"","meta":[],"_links":{"self":[{"href":"https:\/\/www.fsbio.rwth-aachen.de\/index.php?rest_route=\/wp\/v2\/pages\/38"}],"collection":[{"href":"https:\/\/www.fsbio.rwth-aachen.de\/index.php?rest_route=\/wp\/v2\/pages"}],"about":[{"href":"https:\/\/www.fsbio.rwth-aachen.de\/index.php?rest_route=\/wp\/v2\/types\/page"}],"author":[{"embeddable":true,"href":"https:\/\/www.fsbio.rwth-aachen.de\/index.php?rest_route=\/wp\/v2\/users\/3"}],"replies":[{"embeddable":true,"href":"https:\/\/www.fsbio.rwth-aachen.de\/index.php?rest_route=%2Fwp%2Fv2%2Fcomments&post=38"}],"version-history":[{"count":4,"href":"https:\/\/www.fsbio.rwth-aachen.de\/index.php?rest_route=\/wp\/v2\/pages\/38\/revisions"}],"predecessor-version":[{"id":1086,"href":"https:\/\/www.fsbio.rwth-aachen.de\/index.php?rest_route=\/wp\/v2\/pages\/38\/revisions\/1086"}],"wp:attachment":[{"href":"https:\/\/www.fsbio.rwth-aachen.de\/index.php?rest_route=%2Fwp%2Fv2%2Fmedia&parent=38"}],"curies":[{"name":"wp","href":"https:\/\/api.w.org\/{rel}","templated":true}]}}