{"id":3063,"date":"2026-01-19T17:10:06","date_gmt":"2026-01-19T16:10:06","guid":{"rendered":"https:\/\/www.fsbio.rwth-aachen.de\/?page_id=3063"},"modified":"2026-01-19T17:12:45","modified_gmt":"2026-01-19T16:12:45","slug":"mentoring-der-fachgruppe","status":"publish","type":"page","link":"https:\/\/www.fsbio.rwth-aachen.de\/?page_id=3063","title":{"rendered":"Mentoring der Fachgruppe"},"content":{"rendered":"\n<p>Die Fachgruppe Biologie bietet ihren Studierenden das Beratungsangebot des Mentorings an. Sie bietet unter anderem folgendes:<\/p>\n\n\n\n<ul><li>Individuelle, pers\u00f6nliche und vertrauliche Beratung und F\u00f6rderung f\u00fcr Studierende und Promovierende<\/li><li>Wichtige erg\u00e4nzende Anlaufstelle zur Fachstudienberatung und den Lehrpersonen im Fachbereich<\/li><li>Beratung zu Studium, Motivation, Zeit- und Selbstmanagement, Work-Life-Balance und Lernstrategien<\/li><li>Unterst\u00fctzung bei Studienplanung, Pr\u00fcfungsangst, Zweifeln am Studium, Drittversuch und pers\u00f6nlichen Krisen<\/li><li>Hilfe bei Karriereplanung, Auslandsaufenthalten, Stipendien und Weiterbildungsangeboten<\/li><\/ul>\n\n\n\n<p>Weitere Informationen finden Sie auf der <a href=\"https:\/\/www.biologie.rwth-aachen.de\/cms\/biologie\/studium\/im-studium\/~vfgtt\/mentoring\/\">Webseite des Mentorings<\/a><br>Einen Termin k\u00f6nnen Sie ganz einfach <a href=\"https:\/\/coop.rwth-aachen.de\/tpt\/mentoringtpt\/SitePages\/Homepage.aspx\">online vereinbaren<\/a><\/p>\n","protected":false},"excerpt":{"rendered":"<p>Die Fachgruppe Biologie bietet ihren Studierenden das Beratungsangebot des Mentorings an. Sie bietet unter anderem folgendes: Individuelle, pers\u00f6nliche und vertrauliche Beratung und F\u00f6rderung f\u00fcr Studierende und Promovierende Wichtige erg\u00e4nzende Anlaufstelle zur Fachstudienberatung und den Lehrpersonen im Fachbereich Beratung zu Studium, Motivation, Zeit- und Selbstmanagement, Work-Life-Balance und Lernstrategien Unterst\u00fctzung bei Studienplanung, Pr\u00fcfungsangst, Zweifeln am Studium, Drittversuch und pers\u00f6nlichen Krisen Hilfe bei [&hellip;]<\/p>\n","protected":false},"author":2,"featured_media":0,"parent":47,"menu_order":0,"comment_status":"closed","ping_status":"closed","template":"","meta":[],"_links":{"self":[{"href":"https:\/\/www.fsbio.rwth-aachen.de\/index.php?rest_route=\/wp\/v2\/pages\/3063"}],"collection":[{"href":"https:\/\/www.fsbio.rwth-aachen.de\/index.php?rest_route=\/wp\/v2\/pages"}],"about":[{"href":"https:\/\/www.fsbio.rwth-aachen.de\/index.php?rest_route=\/wp\/v2\/types\/page"}],"author":[{"embeddable":true,"href":"https:\/\/www.fsbio.rwth-aachen.de\/index.php?rest_route=\/wp\/v2\/users\/2"}],"replies":[{"embeddable":true,"href":"https:\/\/www.fsbio.rwth-aachen.de\/index.php?rest_route=%2Fwp%2Fv2%2Fcomments&post=3063"}],"version-history":[{"count":2,"href":"https:\/\/www.fsbio.rwth-aachen.de\/index.php?rest_route=\/wp\/v2\/pages\/3063\/revisions"}],"predecessor-version":[{"id":3065,"href":"https:\/\/www.fsbio.rwth-aachen.de\/index.php?rest_route=\/wp\/v2\/pages\/3063\/revisions\/3065"}],"up":[{"embeddable":true,"href":"https:\/\/www.fsbio.rwth-aachen.de\/index.php?rest_route=\/wp\/v2\/pages\/47"}],"wp:attachment":[{"href":"https:\/\/www.fsbio.rwth-aachen.de\/index.php?rest_route=%2Fwp%2Fv2%2Fmedia&parent=3063"}],"curies":[{"name":"wp","href":"https:\/\/api.w.org\/{rel}","templated":true}]}}