{"id":2742,"date":"2025-05-23T01:49:55","date_gmt":"2025-05-23T00:49:55","guid":{"rendered":"https:\/\/www.fsbio.rwth-aachen.de\/?page_id=2742"},"modified":"2025-12-09T18:47:55","modified_gmt":"2025-12-09T17:47:55","slug":"design-ag","status":"publish","type":"page","link":"https:\/\/www.fsbio.rwth-aachen.de\/?page_id=2742","title":{"rendered":"Design-AG"},"content":{"rendered":"\n<p>Habt ihr euch jemals gefragt wer die wundersch\u00f6nen Plakate und Poster auf unserer Instagramm-Seite erstellt? <br>Das sind nat\u00fcrlich unsere k\u00fcnstlerisch begabten Mitglieder der Design-AG.<\/p>\n\n\n\n<p>Wir haben sehr viele verschiedene Veranstaltungen und Projekte bei denen es immer wieder zu der Frage kommt \u00abWer erstellt das Poster?\u00bb. Aus diesem Grund haben wir eine Arbeitsgruppe ins Leben gerufen die diese Aufgabe zentral f\u00fcr die gesamte Fachschaft \u00fcbernimmt und sozusagen auf Antrag der anderen Arbeitsgruppen unsere outward appearance designt. <\/p>\n\n\n\n<p>Bereits in der Erstsemesterwoche seht ihr die ersten Werke dieser Arbeitsgruppe, so zum Beispiel die Rabattb\u00e4ndchen in euren Ersti-T\u00fcten.<\/p>\n\n\n\n<p>Desweiteren seht ihr die Werke dieser Arbeitsgruppe unteranderem:<br>  \u2022  Auf unserem <a href=\"https:\/\/www.instagram.com\/fsbiorwth\/\" data-type=\"URL\" data-id=\"https:\/\/www.instagram.com\/fsbiorwth\/\">Instagramm-Account<\/a> <br>  \u2022  Auf unseren Veranstaltungspostern<br>  \u2022  In unserem Austellungskasten im Foyer des alten Sammelbaus<br>  \u2022  und vielen weiteren Orten<br><br>Unsere kreativen Geister arbeiten derzeit unter der Leitung von Charlotte Fr\u00f6hlich und Nicole Wedeschkin.<\/p>\n","protected":false},"excerpt":{"rendered":"<p>Habt ihr euch jemals gefragt wer die wundersch\u00f6nen Plakate und Poster auf unserer Instagramm-Seite erstellt? Das sind nat\u00fcrlich unsere k\u00fcnstlerisch begabten Mitglieder der Design-AG. Wir haben sehr viele verschiedene Veranstaltungen und Projekte bei denen es immer wieder zu der Frage kommt \u00abWer erstellt das Poster?\u00bb. Aus diesem Grund haben wir eine Arbeitsgruppe ins Leben gerufen die diese Aufgabe zentral f\u00fcr [&hellip;]<\/p>\n","protected":false},"author":2,"featured_media":0,"parent":0,"menu_order":0,"comment_status":"closed","ping_status":"closed","template":"","meta":[],"_links":{"self":[{"href":"https:\/\/www.fsbio.rwth-aachen.de\/index.php?rest_route=\/wp\/v2\/pages\/2742"}],"collection":[{"href":"https:\/\/www.fsbio.rwth-aachen.de\/index.php?rest_route=\/wp\/v2\/pages"}],"about":[{"href":"https:\/\/www.fsbio.rwth-aachen.de\/index.php?rest_route=\/wp\/v2\/types\/page"}],"author":[{"embeddable":true,"href":"https:\/\/www.fsbio.rwth-aachen.de\/index.php?rest_route=\/wp\/v2\/users\/2"}],"replies":[{"embeddable":true,"href":"https:\/\/www.fsbio.rwth-aachen.de\/index.php?rest_route=%2Fwp%2Fv2%2Fcomments&post=2742"}],"version-history":[{"count":2,"href":"https:\/\/www.fsbio.rwth-aachen.de\/index.php?rest_route=\/wp\/v2\/pages\/2742\/revisions"}],"predecessor-version":[{"id":3015,"href":"https:\/\/www.fsbio.rwth-aachen.de\/index.php?rest_route=\/wp\/v2\/pages\/2742\/revisions\/3015"}],"wp:attachment":[{"href":"https:\/\/www.fsbio.rwth-aachen.de\/index.php?rest_route=%2Fwp%2Fv2%2Fmedia&parent=2742"}],"curies":[{"name":"wp","href":"https:\/\/api.w.org\/{rel}","templated":true}]}}