{"id":2739,"date":"2025-05-23T01:33:07","date_gmt":"2025-05-23T00:33:07","guid":{"rendered":"https:\/\/www.fsbio.rwth-aachen.de\/?page_id=2739"},"modified":"2025-12-09T18:47:15","modified_gmt":"2025-12-09T17:47:15","slug":"teambuilding","status":"publish","type":"page","link":"https:\/\/www.fsbio.rwth-aachen.de\/?page_id=2739","title":{"rendered":"Teambuilding"},"content":{"rendered":"\n<p>Wir als Fachschaftsrat haben zwar eine klare Aufgabenteilung durch unsere Arbeitsgruppen, arbeiten aber dennoch als ein gro\u00dfes Team zusammen. Damit eine solche Teamarbeit effektiv funktioniert ist ein starker Teamgeist und ein Gef\u00fchl des Miteinander essenziell. <\/p>\n\n\n\n<p>Um diese Eigenschaften zu st\u00e4rken, haben wir unsere Arbeitsgruppe Teambuilding, welche f\u00fcr uns interne Veranstatlungen organisiert. <br>So waren wir unter anderem im Rahmen des Teambuildings als Fachschaftsrat bereits Bowlen und besuchen gerne nach unseren Fachschaftsratssitzungen unser Stammlokal die <a href=\"https:\/\/www.instagram.com\/essbar_aachen\">essBar<\/a>.<\/p>\n\n\n\n<p>F\u00fcr die St\u00e4rkung unseres Kollektivs sind als Arbeitsgruppenleitung zur Zeit Aline Schneider und Luca Lauven zust\u00e4ndig.<br><\/p>\n","protected":false},"excerpt":{"rendered":"<p>Wir als Fachschaftsrat haben zwar eine klare Aufgabenteilung durch unsere Arbeitsgruppen, arbeiten aber dennoch als ein gro\u00dfes Team zusammen. Damit eine solche Teamarbeit effektiv funktioniert ist ein starker Teamgeist und ein Gef\u00fchl des Miteinander essenziell. Um diese Eigenschaften zu st\u00e4rken, haben wir unsere Arbeitsgruppe Teambuilding, welche f\u00fcr uns interne Veranstatlungen organisiert. So waren wir unter anderem im Rahmen des Teambuildings [&hellip;]<\/p>\n","protected":false},"author":2,"featured_media":0,"parent":0,"menu_order":0,"comment_status":"closed","ping_status":"closed","template":"","meta":[],"_links":{"self":[{"href":"https:\/\/www.fsbio.rwth-aachen.de\/index.php?rest_route=\/wp\/v2\/pages\/2739"}],"collection":[{"href":"https:\/\/www.fsbio.rwth-aachen.de\/index.php?rest_route=\/wp\/v2\/pages"}],"about":[{"href":"https:\/\/www.fsbio.rwth-aachen.de\/index.php?rest_route=\/wp\/v2\/types\/page"}],"author":[{"embeddable":true,"href":"https:\/\/www.fsbio.rwth-aachen.de\/index.php?rest_route=\/wp\/v2\/users\/2"}],"replies":[{"embeddable":true,"href":"https:\/\/www.fsbio.rwth-aachen.de\/index.php?rest_route=%2Fwp%2Fv2%2Fcomments&post=2739"}],"version-history":[{"count":2,"href":"https:\/\/www.fsbio.rwth-aachen.de\/index.php?rest_route=\/wp\/v2\/pages\/2739\/revisions"}],"predecessor-version":[{"id":3014,"href":"https:\/\/www.fsbio.rwth-aachen.de\/index.php?rest_route=\/wp\/v2\/pages\/2739\/revisions\/3014"}],"wp:attachment":[{"href":"https:\/\/www.fsbio.rwth-aachen.de\/index.php?rest_route=%2Fwp%2Fv2%2Fmedia&parent=2739"}],"curies":[{"name":"wp","href":"https:\/\/api.w.org\/{rel}","templated":true}]}}