{"id":2231,"date":"2025-05-23T01:03:56","date_gmt":"2025-05-23T00:03:56","guid":{"rendered":"https:\/\/www.fsbio.rwth-aachen.de\/?page_id=2231"},"modified":"2025-11-27T11:47:15","modified_gmt":"2025-11-27T10:47:15","slug":"beauftragter-fuer-lehramtsangelegenheiten","status":"publish","type":"page","link":"https:\/\/www.fsbio.rwth-aachen.de\/?page_id=2231","title":{"rendered":"Beauftragte:r f\u00fcr Lehramtsangelegenheiten"},"content":{"rendered":"\n<p>Seit dem Sommersemester 2024 sind Studierende des Lehramts mit Unterrichtsfach Biologie nicht mehr unserer Fachschaft zugeh\u00f6rig sondern der <a href=\"http:\/\/www.fslehramt.rwth-aachen.de\" data-type=\"URL\" data-id=\"www.fslehramt.rwth-aachen.de\">Fachschaft Lehramt 7\/2<\/a> (siehe <a href=\"https:\/\/www.rwth-aachen.de\/cms\/root\/die-rwth\/Aktuell\/~xhf\/Amtliche-Bekanntmachungen\/?search=Fachschaftszuordnungsordnung+der+Studierendenschaft&amp;page=&amp;showall=1\" data-type=\"URL\" data-id=\"https:\/\/www.rwth-aachen.de\/cms\/root\/die-rwth\/Aktuell\/~xhf\/Amtliche-Bekanntmachungen\/?search=Fachschaftszuordnungsordnung+der+Studierendenschaft&amp;page=&amp;showall=1\">Fachschaftszuordnungsordnung<\/a> \u00a73)<\/p>\n\n\n\n<p>Dennoch sind wir gerne f\u00fcr die Lehramtsstudierenden mit Unterrichtsfach Biologie immer als Ansprechpartner pr\u00e4sent, da wir in fachspezifischen Fragen besser helfen und vermitteln k\u00f6nnen. Aus diesem Grund haben wir die Arbeitsgruppe Beauftragte:r f\u00fcr Lehramtsangelegenheiten geschaffen.<\/p>\n\n\n\n<p>Aktuell ist die Arbeitsgruppenleitung durch Jule Stark und Annika Junglas besetzt.<br>Ihr k\u00f6nnt die beiden unter dem geteilten Postfach&nbsp;<a href=\"mailto:lehramt@fsbio.rwth-aachen.de\">lehramt@fsbio.rwth-aachen.de<\/a>&nbsp;erreichen.<\/p>\n","protected":false},"excerpt":{"rendered":"<p>Seit dem Sommersemester 2024 sind Studierende des Lehramts mit Unterrichtsfach Biologie nicht mehr unserer Fachschaft zugeh\u00f6rig sondern der Fachschaft Lehramt 7\/2 (siehe Fachschaftszuordnungsordnung \u00a73) Dennoch sind wir gerne f\u00fcr die Lehramtsstudierenden mit Unterrichtsfach Biologie immer als Ansprechpartner pr\u00e4sent, da wir in fachspezifischen Fragen besser helfen und vermitteln k\u00f6nnen. Aus diesem Grund haben wir die Arbeitsgruppe Beauftragte:r f\u00fcr Lehramtsangelegenheiten geschaffen. Aktuell [&hellip;]<\/p>\n","protected":false},"author":2,"featured_media":0,"parent":0,"menu_order":0,"comment_status":"closed","ping_status":"closed","template":"","meta":[],"_links":{"self":[{"href":"https:\/\/www.fsbio.rwth-aachen.de\/index.php?rest_route=\/wp\/v2\/pages\/2231"}],"collection":[{"href":"https:\/\/www.fsbio.rwth-aachen.de\/index.php?rest_route=\/wp\/v2\/pages"}],"about":[{"href":"https:\/\/www.fsbio.rwth-aachen.de\/index.php?rest_route=\/wp\/v2\/types\/page"}],"author":[{"embeddable":true,"href":"https:\/\/www.fsbio.rwth-aachen.de\/index.php?rest_route=\/wp\/v2\/users\/2"}],"replies":[{"embeddable":true,"href":"https:\/\/www.fsbio.rwth-aachen.de\/index.php?rest_route=%2Fwp%2Fv2%2Fcomments&post=2231"}],"version-history":[{"count":3,"href":"https:\/\/www.fsbio.rwth-aachen.de\/index.php?rest_route=\/wp\/v2\/pages\/2231\/revisions"}],"predecessor-version":[{"id":2982,"href":"https:\/\/www.fsbio.rwth-aachen.de\/index.php?rest_route=\/wp\/v2\/pages\/2231\/revisions\/2982"}],"wp:attachment":[{"href":"https:\/\/www.fsbio.rwth-aachen.de\/index.php?rest_route=%2Fwp%2Fv2%2Fmedia&parent=2231"}],"curies":[{"name":"wp","href":"https:\/\/api.w.org\/{rel}","templated":true}]}}