{"id":2199,"date":"2024-05-23T03:07:44","date_gmt":"2024-05-23T01:07:44","guid":{"rendered":"https:\/\/www.fsbio.rwth-aachen.de\/?page_id=2199"},"modified":"2025-12-09T18:45:57","modified_gmt":"2025-12-09T17:45:57","slug":"ausserordentliche-veranstaltungen","status":"publish","type":"page","link":"https:\/\/www.fsbio.rwth-aachen.de\/?page_id=2199","title":{"rendered":"Au\u00dferordentliche Veranstaltungen"},"content":{"rendered":"\n<p>Das Studentenleben w\u00e4re nicht das Selbe ohne Partys. Deshalb haben wir die AG Au\u00dferordentliche Veranstaltungen, welche unsere Partys organisiert.<\/p>\n\n\n\n<p>Einmal im Semester gibt es die Bio-Party bei welcher alle Studierenden in einem der Aachener Nachtclubs gemeinsam tanzen und feiern k\u00f6nnen aber auch einander mal in einer anderen Atmosph\u00e4re kennenlernen und vernetzen.<br>Unregelm\u00e4\u00dfig gibt es auch Kooperationspartys mit anderen Fachschaften, beispielsweise mit der Fachschaft Elektrotechnik, Fachschaft Lehramt und den 1er Fachschaften. <\/p>\n\n\n\n<p>Abgesehen von Partys plant diese AG auch unsere Spieleabende.<\/p>\n\n\n\n<p>Wann unsere n\u00e4chste Party oder n\u00e4chster Spieleabend geplant ist und wo Ihr die Karten kaufen k\u00f6nnt erfahrt ihr rechtzeitig auf unserem <a href=\"https:\/\/www.instagram.com\/fsbiorwth\/\">Instagram-Account<\/a>.<\/p>\n\n\n\n<p>Unsere Chefinnen der Partyplanung sind Magdalena Ingendoh und Emma Bauer.<br>Ihr k\u00f6nnt die beiden unter dem geteilten Postfach <a href=\"mailto:party@fsbio.rwth-aachen.de\">party@fsbio.rwth-aachen.de<\/a> erreichen.<\/p>\n","protected":false},"excerpt":{"rendered":"<p>Das Studentenleben w\u00e4re nicht das Selbe ohne Partys. Deshalb haben wir die AG Au\u00dferordentliche Veranstaltungen, welche unsere Partys organisiert. Einmal im Semester gibt es die Bio-Party bei welcher alle Studierenden in einem der Aachener Nachtclubs gemeinsam tanzen und feiern k\u00f6nnen aber auch einander mal in einer anderen Atmosph\u00e4re kennenlernen und vernetzen.Unregelm\u00e4\u00dfig gibt es auch Kooperationspartys mit anderen Fachschaften, beispielsweise mit [&hellip;]<\/p>\n","protected":false},"author":2,"featured_media":0,"parent":0,"menu_order":0,"comment_status":"closed","ping_status":"closed","template":"","meta":[],"_links":{"self":[{"href":"https:\/\/www.fsbio.rwth-aachen.de\/index.php?rest_route=\/wp\/v2\/pages\/2199"}],"collection":[{"href":"https:\/\/www.fsbio.rwth-aachen.de\/index.php?rest_route=\/wp\/v2\/pages"}],"about":[{"href":"https:\/\/www.fsbio.rwth-aachen.de\/index.php?rest_route=\/wp\/v2\/types\/page"}],"author":[{"embeddable":true,"href":"https:\/\/www.fsbio.rwth-aachen.de\/index.php?rest_route=\/wp\/v2\/users\/2"}],"replies":[{"embeddable":true,"href":"https:\/\/www.fsbio.rwth-aachen.de\/index.php?rest_route=%2Fwp%2Fv2%2Fcomments&post=2199"}],"version-history":[{"count":7,"href":"https:\/\/www.fsbio.rwth-aachen.de\/index.php?rest_route=\/wp\/v2\/pages\/2199\/revisions"}],"predecessor-version":[{"id":3012,"href":"https:\/\/www.fsbio.rwth-aachen.de\/index.php?rest_route=\/wp\/v2\/pages\/2199\/revisions\/3012"}],"wp:attachment":[{"href":"https:\/\/www.fsbio.rwth-aachen.de\/index.php?rest_route=%2Fwp%2Fv2%2Fmedia&parent=2199"}],"curies":[{"name":"wp","href":"https:\/\/api.w.org\/{rel}","templated":true}]}}