{"id":2196,"date":"2024-05-23T02:23:43","date_gmt":"2024-05-23T00:23:43","guid":{"rendered":"https:\/\/www.fsbio.rwth-aachen.de\/?page_id=2196"},"modified":"2025-12-09T18:45:31","modified_gmt":"2025-12-09T17:45:31","slug":"oeffentlichkeitsarbeit","status":"publish","type":"page","link":"https:\/\/www.fsbio.rwth-aachen.de\/?page_id=2196","title":{"rendered":"\u00d6ffentlichkeitsarbeit"},"content":{"rendered":"\n<p>Die Arbeitsgruppe \u00d6ffentlichkeitsarbeit ist, einfach beschrieben, die PR-Abteilung unserer Fachschaft.<\/p>\n\n\n\n<p>Sie besch\u00e4ftigt sich mit dem Erscheinungsbild unserer Fachschaft nach au\u00dfen.<br>Dazu z\u00e4hlt:<br>  \u2022&nbsp; Verwaltung des Instagram-Accounts der Fachschaft<br>  \u2022  Organisation des Auftretens bei der International-Welcome-Week der RWTH<br>  \u2022  Organisation des Auftretens bei dem Studi-Fest<br>  \u2022  Organisation des Auftretens bei dem Campus-Festival<\/p>\n\n\n\n<p>Die \u00d6ffentlichkeitsarbeit der Fachschaft wird von Jule Braun und Gino T\u00fcmmeler geleitet.<br>Ihr k\u00f6nnt die beiden unter dem geteilten Postfach <a href=\"mailto:pr@fsbio.rwth-aachen.de\">pr@fsbio.rwth-aachen.de<\/a> erreichen.<\/p>\n","protected":false},"excerpt":{"rendered":"<p>Die Arbeitsgruppe \u00d6ffentlichkeitsarbeit ist, einfach beschrieben, die PR-Abteilung unserer Fachschaft. Sie besch\u00e4ftigt sich mit dem Erscheinungsbild unserer Fachschaft nach au\u00dfen.Dazu z\u00e4hlt: \u2022&nbsp; Verwaltung des Instagram-Accounts der Fachschaft \u2022 Organisation des Auftretens bei der International-Welcome-Week der RWTH \u2022 Organisation des Auftretens bei dem Studi-Fest \u2022 Organisation des Auftretens bei dem Campus-Festival Die \u00d6ffentlichkeitsarbeit der Fachschaft wird von Jule Braun und Gino [&hellip;]<\/p>\n","protected":false},"author":2,"featured_media":0,"parent":0,"menu_order":0,"comment_status":"closed","ping_status":"closed","template":"","meta":[],"_links":{"self":[{"href":"https:\/\/www.fsbio.rwth-aachen.de\/index.php?rest_route=\/wp\/v2\/pages\/2196"}],"collection":[{"href":"https:\/\/www.fsbio.rwth-aachen.de\/index.php?rest_route=\/wp\/v2\/pages"}],"about":[{"href":"https:\/\/www.fsbio.rwth-aachen.de\/index.php?rest_route=\/wp\/v2\/types\/page"}],"author":[{"embeddable":true,"href":"https:\/\/www.fsbio.rwth-aachen.de\/index.php?rest_route=\/wp\/v2\/users\/2"}],"replies":[{"embeddable":true,"href":"https:\/\/www.fsbio.rwth-aachen.de\/index.php?rest_route=%2Fwp%2Fv2%2Fcomments&post=2196"}],"version-history":[{"count":6,"href":"https:\/\/www.fsbio.rwth-aachen.de\/index.php?rest_route=\/wp\/v2\/pages\/2196\/revisions"}],"predecessor-version":[{"id":3011,"href":"https:\/\/www.fsbio.rwth-aachen.de\/index.php?rest_route=\/wp\/v2\/pages\/2196\/revisions\/3011"}],"wp:attachment":[{"href":"https:\/\/www.fsbio.rwth-aachen.de\/index.php?rest_route=%2Fwp%2Fv2%2Fmedia&parent=2196"}],"curies":[{"name":"wp","href":"https:\/\/api.w.org\/{rel}","templated":true}]}}