{"id":2188,"date":"2024-05-23T01:48:46","date_gmt":"2024-05-22T23:48:46","guid":{"rendered":"https:\/\/www.fsbio.rwth-aachen.de\/?page_id=2188"},"modified":"2025-05-23T00:33:08","modified_gmt":"2025-05-22T23:33:08","slug":"beauftragter-fuer-gleichstellung","status":"publish","type":"page","link":"https:\/\/www.fsbio.rwth-aachen.de\/?page_id=2188","title":{"rendered":"Beauftragte:r f\u00fcr Gleichstellung"},"content":{"rendered":"\n<p>Die Arbeitsgruppe Gleichstellung dient \u00e4hnlich wie die Arbeitsgruppe Lehre zur Kommunikation und Deeskalation. Jedoch ist diese Arbeitsgruppe, wie der Name bereits verr\u00e4t, spezialisiert auf Gleichstellung.<\/p>\n\n\n\n<p>Wenn Ihr als Studierende euch in einer Situation in eurem benachteiligt f\u00fchlt oder gar diskriminiert, k\u00f6nnt Ihr euch an die Beauftragten f\u00fcr Gleichstellung wenden.<br>Gr\u00fcnde f\u00fcr so ein Benachteiligungsempfinden k\u00f6nnen sehr verschiedene Ursachen haben.<\/p>\n\n\n\n<p>Wir als Fachschaft besetzen diese Arbeitsgruppe immer parit\u00e4tisch, um den Studierenden eine bessere Beratung bieten zu k\u00f6nnen.<\/p>\n\n\n\n<p>Aktuell wird die Arbeitsgruppe Gleichstellung von Max Winter und Lea Steffens geleitet.<br>Ihr k\u00f6nnt die beiden unter dem geteilten Postfach <a href=\"mailto:gleichstellung@fsbio.rwth-aachen.de\">gleichstellung@fsbio.rwth-aachen.de<\/a> erreichen.<\/p>\n","protected":false},"excerpt":{"rendered":"<p>Die Arbeitsgruppe Gleichstellung dient \u00e4hnlich wie die Arbeitsgruppe Lehre zur Kommunikation und Deeskalation. Jedoch ist diese Arbeitsgruppe, wie der Name bereits verr\u00e4t, spezialisiert auf Gleichstellung. Wenn Ihr als Studierende euch in einer Situation in eurem benachteiligt f\u00fchlt oder gar diskriminiert, k\u00f6nnt Ihr euch an die Beauftragten f\u00fcr Gleichstellung wenden.Gr\u00fcnde f\u00fcr so ein Benachteiligungsempfinden k\u00f6nnen sehr verschiedene Ursachen haben. Wir als [&hellip;]<\/p>\n","protected":false},"author":2,"featured_media":0,"parent":0,"menu_order":0,"comment_status":"closed","ping_status":"closed","template":"","meta":[],"_links":{"self":[{"href":"https:\/\/www.fsbio.rwth-aachen.de\/index.php?rest_route=\/wp\/v2\/pages\/2188"}],"collection":[{"href":"https:\/\/www.fsbio.rwth-aachen.de\/index.php?rest_route=\/wp\/v2\/pages"}],"about":[{"href":"https:\/\/www.fsbio.rwth-aachen.de\/index.php?rest_route=\/wp\/v2\/types\/page"}],"author":[{"embeddable":true,"href":"https:\/\/www.fsbio.rwth-aachen.de\/index.php?rest_route=\/wp\/v2\/users\/2"}],"replies":[{"embeddable":true,"href":"https:\/\/www.fsbio.rwth-aachen.de\/index.php?rest_route=%2Fwp%2Fv2%2Fcomments&post=2188"}],"version-history":[{"count":5,"href":"https:\/\/www.fsbio.rwth-aachen.de\/index.php?rest_route=\/wp\/v2\/pages\/2188\/revisions"}],"predecessor-version":[{"id":2725,"href":"https:\/\/www.fsbio.rwth-aachen.de\/index.php?rest_route=\/wp\/v2\/pages\/2188\/revisions\/2725"}],"wp:attachment":[{"href":"https:\/\/www.fsbio.rwth-aachen.de\/index.php?rest_route=%2Fwp%2Fv2%2Fmedia&parent=2188"}],"curies":[{"name":"wp","href":"https:\/\/api.w.org\/{rel}","templated":true}]}}