{"id":2177,"date":"2024-05-22T03:17:36","date_gmt":"2024-05-22T01:17:36","guid":{"rendered":"https:\/\/www.fsbio.rwth-aachen.de\/?page_id=2177"},"modified":"2025-12-09T18:43:56","modified_gmt":"2025-12-09T17:43:56","slug":"materialwartin","status":"publish","type":"page","link":"https:\/\/www.fsbio.rwth-aachen.de\/?page_id=2177","title":{"rendered":"Materialwart:in"},"content":{"rendered":"\n<p>Die AG Material ist eine Arbeitsgruppe, welche ausschlie\u00dflich interne Aufgaben hat. <\/p>\n\n\n\n<p>Unsere Fachschaft ist Besitz eines vielseitigen Inventars.<br>Damit wir einen \u00dcberblick \u00fcber unser Inventar behalten, haben wir unsere:n Materialwart:in.<\/p>\n\n\n\n<p>Die Aufgabe dieser Arbeitsgruppe ist die F\u00fchrung einer Inventarliste und die Pflege dieser.<\/p>\n\n\n\n<p>Aktuell sind unsere Materialwart*innen Max Winter und Emma Bauer.<br><\/p>\n","protected":false},"excerpt":{"rendered":"<p>Die AG Material ist eine Arbeitsgruppe, welche ausschlie\u00dflich interne Aufgaben hat. Unsere Fachschaft ist Besitz eines vielseitigen Inventars.Damit wir einen \u00dcberblick \u00fcber unser Inventar behalten, haben wir unsere:n Materialwart:in. Die Aufgabe dieser Arbeitsgruppe ist die F\u00fchrung einer Inventarliste und die Pflege dieser. Aktuell sind unsere Materialwart*innen Max Winter und Emma Bauer.<\/p>\n","protected":false},"author":3,"featured_media":0,"parent":0,"menu_order":0,"comment_status":"closed","ping_status":"closed","template":"","meta":[],"_links":{"self":[{"href":"https:\/\/www.fsbio.rwth-aachen.de\/index.php?rest_route=\/wp\/v2\/pages\/2177"}],"collection":[{"href":"https:\/\/www.fsbio.rwth-aachen.de\/index.php?rest_route=\/wp\/v2\/pages"}],"about":[{"href":"https:\/\/www.fsbio.rwth-aachen.de\/index.php?rest_route=\/wp\/v2\/types\/page"}],"author":[{"embeddable":true,"href":"https:\/\/www.fsbio.rwth-aachen.de\/index.php?rest_route=\/wp\/v2\/users\/3"}],"replies":[{"embeddable":true,"href":"https:\/\/www.fsbio.rwth-aachen.de\/index.php?rest_route=%2Fwp%2Fv2%2Fcomments&post=2177"}],"version-history":[{"count":9,"href":"https:\/\/www.fsbio.rwth-aachen.de\/index.php?rest_route=\/wp\/v2\/pages\/2177\/revisions"}],"predecessor-version":[{"id":3009,"href":"https:\/\/www.fsbio.rwth-aachen.de\/index.php?rest_route=\/wp\/v2\/pages\/2177\/revisions\/3009"}],"wp:attachment":[{"href":"https:\/\/www.fsbio.rwth-aachen.de\/index.php?rest_route=%2Fwp%2Fv2%2Fmedia&parent=2177"}],"curies":[{"name":"wp","href":"https:\/\/api.w.org\/{rel}","templated":true}]}}