{"id":2174,"date":"2024-05-22T03:07:36","date_gmt":"2024-05-22T01:07:36","guid":{"rendered":"https:\/\/www.fsbio.rwth-aachen.de\/?page_id=2174"},"modified":"2025-12-15T20:23:04","modified_gmt":"2025-12-15T19:23:04","slug":"it-administration","status":"publish","type":"page","link":"https:\/\/www.fsbio.rwth-aachen.de\/?page_id=2174","title":{"rendered":"IT-Administration"},"content":{"rendered":"\n<p>Die IT-Administration ist eine Arbeitsgruppe, welche haupts\u00e4chlich interne Aufgaben hat.<\/p>\n\n\n\n<p>Wir als Fachschaft besitzen einige IT-Tools, welche uns eine interne Organisation erm\u00f6glichen. Zudem nutzen wir diese Services, um der Studierendenschaft das studieren zu erleichtern oder aber uns nach au\u00dfen hin zu repr\u00e4sentieren. <br>Diese Tools werden von der IT verwaltet, gepflegt oder verbessert.<\/p>\n\n\n\n<p>Zu den Aufgaben der IT z\u00e4hlen:<br>  \u2022  Verwaltung der Website der Fachschaft<br>  \u2022  Verwaltung der Sciebo-Ordner<br>  \u2022  Verwaltung des Mail-Servers der Fachschaft<br>  \u2022  Verwaltung des Discord-Servers der Fachschaft<\/p>\n\n\n\n<p>Wie ihr seht, gestalten und verwalten wir als AG IT-Administration die <strong>Fachschaftswebsite<\/strong>. Tretet, wenn Ihr Verbesserungsvorschl\u00e4ge oder Fragen diesbez\u00fcglich habt gerne an uns heran.     <\/p>\n\n\n\n<p>Die Verwaltung der <strong>Altklausursammlung<\/strong> der Fachschaft ist ebenfalls eine der Hauptaufgaben unserer Arbeitsgruppe. Ihr k\u00f6nnt Euch gerne bei uns melden, um Zugriff darauf zu erhalten. Beachtet dabei allerdings folgendes:<\/p>\n\n\n\n<p>Sendet eine Mail mit Eurer Sciebo-Kennung, die Ihr zuvor unter <a href=\"http:\/\/www.hochschulcloud.nrw\" data-type=\"URL\" data-id=\"www.hochschulcloud.nrw\">hochschulcloud.nrw<\/a> erstellt habt, <strong>UND<\/strong> Eurer Immatrikulationsbescheinigung an unser geteiltes Postfach <a href=\"mailto:it-admin@fsbio.rwth-aachen.de\">it-admin@fsbio.rwth-aachen.de<\/a>. Wir bearbeiten Eure Anfrage dann so schnell wie m\u00f6glich und geben Euch eine R\u00fcckmeldung, sobald Ihr freigeschaltet wurdet.<\/p>\n\n\n\n<p>Wie Ihr vielleicht ebenfalls schon gesehen habt, verf\u00fcgt jedes Mitglied des Fachschaftsrats \u00fcber ein pers\u00f6nliches <strong>Fachschafts-E-Mail<\/strong>-Postfach, dass zuvor f\u00fcr sie von uns erstellt wurde. Zus\u00e4tzlich verwalten und pflegen wir die funktionalen E-Mailadressen der Fachschaft.<\/p>\n\n\n\n<p>Als Fachschaft betreiben wir zur internen Organisation einen <strong>Discord<\/strong>-Server, der alle internen Neuigkeiten und Kommunikation beinhaltet.<\/p>\n\n\n\n<p><br>Die Arbeitsgruppe IT-Administration ist aktuell von Mohamed Wehbe, Nelly Schrainer und Sam Bertrams besetzt<br>Ihr k\u00f6nnt sie gemeinsam unter dem geteilten Postfach <a href=\"mailto:it-admin@fsbio.rwth-aachen.de\">it-admin@fsbio.rwth-aachen.de<\/a> erreichen.<\/p>\n","protected":false},"excerpt":{"rendered":"<p>Die IT-Administration ist eine Arbeitsgruppe, welche haupts\u00e4chlich interne Aufgaben hat. Wir als Fachschaft besitzen einige IT-Tools, welche uns eine interne Organisation erm\u00f6glichen. Zudem nutzen wir diese Services, um der Studierendenschaft das studieren zu erleichtern oder aber uns nach au\u00dfen hin zu repr\u00e4sentieren. Diese Tools werden von der IT verwaltet, gepflegt oder verbessert. Zu den Aufgaben der IT z\u00e4hlen: \u2022 Verwaltung [&hellip;]<\/p>\n","protected":false},"author":2,"featured_media":0,"parent":0,"menu_order":0,"comment_status":"closed","ping_status":"closed","template":"","meta":[],"_links":{"self":[{"href":"https:\/\/www.fsbio.rwth-aachen.de\/index.php?rest_route=\/wp\/v2\/pages\/2174"}],"collection":[{"href":"https:\/\/www.fsbio.rwth-aachen.de\/index.php?rest_route=\/wp\/v2\/pages"}],"about":[{"href":"https:\/\/www.fsbio.rwth-aachen.de\/index.php?rest_route=\/wp\/v2\/types\/page"}],"author":[{"embeddable":true,"href":"https:\/\/www.fsbio.rwth-aachen.de\/index.php?rest_route=\/wp\/v2\/users\/2"}],"replies":[{"embeddable":true,"href":"https:\/\/www.fsbio.rwth-aachen.de\/index.php?rest_route=%2Fwp%2Fv2%2Fcomments&post=2174"}],"version-history":[{"count":7,"href":"https:\/\/www.fsbio.rwth-aachen.de\/index.php?rest_route=\/wp\/v2\/pages\/2174\/revisions"}],"predecessor-version":[{"id":3028,"href":"https:\/\/www.fsbio.rwth-aachen.de\/index.php?rest_route=\/wp\/v2\/pages\/2174\/revisions\/3028"}],"wp:attachment":[{"href":"https:\/\/www.fsbio.rwth-aachen.de\/index.php?rest_route=%2Fwp%2Fv2%2Fmedia&parent=2174"}],"curies":[{"name":"wp","href":"https:\/\/api.w.org\/{rel}","templated":true}]}}