{"id":2168,"date":"2024-05-22T02:31:45","date_gmt":"2024-05-22T00:31:45","guid":{"rendered":"https:\/\/www.fsbio.rwth-aachen.de\/?page_id=2168"},"modified":"2025-05-23T00:26:44","modified_gmt":"2025-05-22T23:26:44","slug":"kasse","status":"publish","type":"page","link":"https:\/\/www.fsbio.rwth-aachen.de\/?page_id=2168","title":{"rendered":"Kasse"},"content":{"rendered":"\n<p>Die Kasse, eigentlich der bzw. die Kassenwart:in, sind neben dem Vorsitz das zweite Gesch\u00e4ftsf\u00fchrende Amt.<\/p>\n\n\n\n<p>\u00a713.2 Fachschaftsordnung: \u00abDie Kassenwartin bzw. der Kassenwart f\u00fchrt die finanziellen Beschl\u00fcsse des Fachschaftsrates und der Fachschaftsvollversammlung aus.\u00bb<\/p>\n\n\n\n<p>Wir als Fachschaft erhalten Mittel, welche wir nach eigener Verantwortung verwenden k\u00f6nnen. Um dabei Ordnung sowie alle Formalien einzuhalten, haben wir die Kasse.<br>Zu den Aufgaben z\u00e4hlen:<br>  \u2022  Verwaltung der Fachschaftsmittel<br>  \u2022  Ausf\u00fchrung aller Geldbewegungen<br>  \u2022  Dokumentation aller Geldbewegungen<br>  \u2022  Beachtung der Einhaltung aller Buchhaltungsformalien<br>  \u2022  Berichterstattung gegen\u00fcber der Fachschaft bei der Vollversammlung<br>  \u2022  Berichterstattung gegen\u00fcber dem AStA bei der Kassenpr\u00fcfung<br><br>Aktuell wird unsere Kasse verwalten von Sarah Z\u00fcscher und Loan Berger.<br>Ihr k\u00f6nnt die beiden gemeinsam unter dem geteilten Postfach <a href=\"mailto:kasse@fsbio.rwth-aachen.de\">kasse@fsbio.rwth-aachen.de<\/a> erreichen.<\/p>\n","protected":false},"excerpt":{"rendered":"<p>Die Kasse, eigentlich der bzw. die Kassenwart:in, sind neben dem Vorsitz das zweite Gesch\u00e4ftsf\u00fchrende Amt. \u00a713.2 Fachschaftsordnung: \u00abDie Kassenwartin bzw. der Kassenwart f\u00fchrt die finanziellen Beschl\u00fcsse des Fachschaftsrates und der Fachschaftsvollversammlung aus.\u00bb Wir als Fachschaft erhalten Mittel, welche wir nach eigener Verantwortung verwenden k\u00f6nnen. Um dabei Ordnung sowie alle Formalien einzuhalten, haben wir die Kasse.Zu den Aufgaben z\u00e4hlen: \u2022 Verwaltung [&hellip;]<\/p>\n","protected":false},"author":3,"featured_media":0,"parent":0,"menu_order":0,"comment_status":"closed","ping_status":"closed","template":"","meta":[],"_links":{"self":[{"href":"https:\/\/www.fsbio.rwth-aachen.de\/index.php?rest_route=\/wp\/v2\/pages\/2168"}],"collection":[{"href":"https:\/\/www.fsbio.rwth-aachen.de\/index.php?rest_route=\/wp\/v2\/pages"}],"about":[{"href":"https:\/\/www.fsbio.rwth-aachen.de\/index.php?rest_route=\/wp\/v2\/types\/page"}],"author":[{"embeddable":true,"href":"https:\/\/www.fsbio.rwth-aachen.de\/index.php?rest_route=\/wp\/v2\/users\/3"}],"replies":[{"embeddable":true,"href":"https:\/\/www.fsbio.rwth-aachen.de\/index.php?rest_route=%2Fwp%2Fv2%2Fcomments&post=2168"}],"version-history":[{"count":4,"href":"https:\/\/www.fsbio.rwth-aachen.de\/index.php?rest_route=\/wp\/v2\/pages\/2168\/revisions"}],"predecessor-version":[{"id":2718,"href":"https:\/\/www.fsbio.rwth-aachen.de\/index.php?rest_route=\/wp\/v2\/pages\/2168\/revisions\/2718"}],"wp:attachment":[{"href":"https:\/\/www.fsbio.rwth-aachen.de\/index.php?rest_route=%2Fwp%2Fv2%2Fmedia&parent=2168"}],"curies":[{"name":"wp","href":"https:\/\/api.w.org\/{rel}","templated":true}]}}