{"id":2165,"date":"2024-05-22T02:10:07","date_gmt":"2024-05-22T00:10:07","guid":{"rendered":"https:\/\/www.fsbio.rwth-aachen.de\/?page_id=2165"},"modified":"2025-05-23T00:23:20","modified_gmt":"2025-05-22T23:23:20","slug":"vorsitz","status":"publish","type":"page","link":"https:\/\/www.fsbio.rwth-aachen.de\/?page_id=2165","title":{"rendered":"Vorsitz"},"content":{"rendered":"\n<p>Der Vorsitz ist eine der zwei gesch\u00e4ftsf\u00fchrenden Positionen.<\/p>\n\n\n\n<p>Die und der Vorsitzende:r haben ein sehr verantwortungsvolles Amt inne, da sie sehr viele Aufgaben haben. <br>Dazu z\u00e4hlen unter anderem:<br>  \u2022  Representative Funktion<br>  \u2022  Organisation der Fachschaftsratssitzungen sowie Vollversammlungen<br>  \u2022  Moderation der Fachschaftsratssitzungen sowie Vollversammlungen<br>  \u2022  Beachtung der Einhaltung der Fachschaftsordnung <br>  \u2022  Unterst\u00fctzung aller Fachschaftsratsmitglieder in Ihrer Fachschaftsarbeit<br>  \u2022  Beachtung der Einhaltung der Fachschaftsb\u00fcrokratie und Formalien<br>  \u2022  und viele weitere<\/p>\n\n\n\n<p>Aktuell sind Frank M\u00fcnster und F\u00e1tima Loureiro Fern\u00e1ndez unser Vorsitz der Fachschaft Biowissenschaften.<br>Ihr k\u00f6nnt die beiden gemeinsam unter dem geteilten Postfach <a href=\"mailto:vorsitz@fsbio.rwth-aachen.de\">vorsitz@fsbio.rwth-aachen.de<\/a> erreichen.<br><\/p>\n","protected":false},"excerpt":{"rendered":"<p>Der Vorsitz ist eine der zwei gesch\u00e4ftsf\u00fchrenden Positionen. Die und der Vorsitzende:r haben ein sehr verantwortungsvolles Amt inne, da sie sehr viele Aufgaben haben. Dazu z\u00e4hlen unter anderem: \u2022 Representative Funktion \u2022 Organisation der Fachschaftsratssitzungen sowie Vollversammlungen \u2022 Moderation der Fachschaftsratssitzungen sowie Vollversammlungen \u2022 Beachtung der Einhaltung der Fachschaftsordnung \u2022 Unterst\u00fctzung aller Fachschaftsratsmitglieder in Ihrer Fachschaftsarbeit \u2022 Beachtung der Einhaltung [&hellip;]<\/p>\n","protected":false},"author":3,"featured_media":0,"parent":0,"menu_order":0,"comment_status":"closed","ping_status":"closed","template":"","meta":[],"_links":{"self":[{"href":"https:\/\/www.fsbio.rwth-aachen.de\/index.php?rest_route=\/wp\/v2\/pages\/2165"}],"collection":[{"href":"https:\/\/www.fsbio.rwth-aachen.de\/index.php?rest_route=\/wp\/v2\/pages"}],"about":[{"href":"https:\/\/www.fsbio.rwth-aachen.de\/index.php?rest_route=\/wp\/v2\/types\/page"}],"author":[{"embeddable":true,"href":"https:\/\/www.fsbio.rwth-aachen.de\/index.php?rest_route=\/wp\/v2\/users\/3"}],"replies":[{"embeddable":true,"href":"https:\/\/www.fsbio.rwth-aachen.de\/index.php?rest_route=%2Fwp%2Fv2%2Fcomments&post=2165"}],"version-history":[{"count":4,"href":"https:\/\/www.fsbio.rwth-aachen.de\/index.php?rest_route=\/wp\/v2\/pages\/2165\/revisions"}],"predecessor-version":[{"id":2714,"href":"https:\/\/www.fsbio.rwth-aachen.de\/index.php?rest_route=\/wp\/v2\/pages\/2165\/revisions\/2714"}],"wp:attachment":[{"href":"https:\/\/www.fsbio.rwth-aachen.de\/index.php?rest_route=%2Fwp%2Fv2%2Fmedia&parent=2165"}],"curies":[{"name":"wp","href":"https:\/\/api.w.org\/{rel}","templated":true}]}}