{"id":1891,"date":"2023-10-24T21:20:19","date_gmt":"2023-10-24T19:20:19","guid":{"rendered":"https:\/\/www.fsbio.rwth-aachen.de\/?page_id=1891"},"modified":"2024-05-23T15:11:56","modified_gmt":"2024-05-23T13:11:56","slug":"kontakt","status":"publish","type":"page","link":"https:\/\/www.fsbio.rwth-aachen.de\/?page_id=1891","title":{"rendered":"Kontakt"},"content":{"rendered":"\n<p id=\"Sprechstundenzeiten\">Wir sind am besten per Email erreichbar oder pers\u00f6nlich w\u00e4hrend den <a href=\"https:\/\/www.fsbio.rwth-aachen.de\/?page_id=44\">Sprechstundenzeiten<\/a> in unserem B\u00fcro (Worringerweg 1, Raum 42A010).<\/p>\n\n\n\n<p>Email: <a rel=\"noreferrer noopener\" href=\"mailto:info@fsbio.rwth-aachen.de\" target=\"_blank\">info@fsbio.rwth-aachen.de<\/a><\/p>\n","protected":false},"excerpt":{"rendered":"<p>Wir sind am besten per Email erreichbar oder pers\u00f6nlich w\u00e4hrend den Sprechstundenzeiten in unserem B\u00fcro (Worringerweg 1, Raum 42A010). Email: info@fsbio.rwth-aachen.de<\/p>\n","protected":false},"author":3,"featured_media":0,"parent":0,"menu_order":0,"comment_status":"closed","ping_status":"closed","template":"","meta":[],"_links":{"self":[{"href":"https:\/\/www.fsbio.rwth-aachen.de\/index.php?rest_route=\/wp\/v2\/pages\/1891"}],"collection":[{"href":"https:\/\/www.fsbio.rwth-aachen.de\/index.php?rest_route=\/wp\/v2\/pages"}],"about":[{"href":"https:\/\/www.fsbio.rwth-aachen.de\/index.php?rest_route=\/wp\/v2\/types\/page"}],"author":[{"embeddable":true,"href":"https:\/\/www.fsbio.rwth-aachen.de\/index.php?rest_route=\/wp\/v2\/users\/3"}],"replies":[{"embeddable":true,"href":"https:\/\/www.fsbio.rwth-aachen.de\/index.php?rest_route=%2Fwp%2Fv2%2Fcomments&post=1891"}],"version-history":[{"count":3,"href":"https:\/\/www.fsbio.rwth-aachen.de\/index.php?rest_route=\/wp\/v2\/pages\/1891\/revisions"}],"predecessor-version":[{"id":2223,"href":"https:\/\/www.fsbio.rwth-aachen.de\/index.php?rest_route=\/wp\/v2\/pages\/1891\/revisions\/2223"}],"wp:attachment":[{"href":"https:\/\/www.fsbio.rwth-aachen.de\/index.php?rest_route=%2Fwp%2Fv2%2Fmedia&parent=1891"}],"curies":[{"name":"wp","href":"https:\/\/api.w.org\/{rel}","templated":true}]}}