{"id":16,"date":"2019-07-01T20:44:47","date_gmt":"2019-07-01T19:44:47","guid":{"rendered":"https:\/?page_id=16"},"modified":"2025-12-11T20:44:42","modified_gmt":"2025-12-11T19:44:42","slug":"der-fachschaftsrat","status":"publish","type":"page","link":"https:\/\/www.fsbio.rwth-aachen.de\/?page_id=16","title":{"rendered":"Der Fachschaftsrat"},"content":{"rendered":"<p><!--StartFragment--><\/p>\n\n\n<figure class=\"wp-block-gallery columns-1 is-cropped\"><ul class=\"blocks-gallery-grid\"><li class=\"blocks-gallery-item\"><figure><img loading=\"lazy\" width=\"1024\" height=\"665\" src=\"https:\/\/www.fsbio.rwth-aachen.de\/wp-content\/uploads\/2025\/05\/FS2-1024x665.jpg\" alt=\"\" data-id=\"2637\" data-full-url=\"https:\/\/www.fsbio.rwth-aachen.de\/wp-content\/uploads\/2025\/05\/FS2.jpg\" data-link=\"https:\/\/www.fsbio.rwth-aachen.de\/?attachment_id=2637#main\" class=\"wp-image-2637\" srcset=\"https:\/\/www.fsbio.rwth-aachen.de\/wp-content\/uploads\/2025\/05\/FS2-1024x665.jpg 1024w, https:\/\/www.fsbio.rwth-aachen.de\/wp-content\/uploads\/2025\/05\/FS2-300x195.jpg 300w, https:\/\/www.fsbio.rwth-aachen.de\/wp-content\/uploads\/2025\/05\/FS2-768x499.jpg 768w, https:\/\/www.fsbio.rwth-aachen.de\/wp-content\/uploads\/2025\/05\/FS2-1536x998.jpg 1536w, https:\/\/www.fsbio.rwth-aachen.de\/wp-content\/uploads\/2025\/05\/FS2-2048x1331.jpg 2048w\" sizes=\"(max-width: 1024px) 100vw, 1024px\" \/><\/figure><\/li><\/ul><\/figure>\n\n\n\n<p>Die&nbsp;<strong>Fachschaft Biowissenschaften (I\/3)<\/strong>&nbsp;ist die \u201eVereinigung aller an der RWTH Aachen im Fach Biologie, Biotechnologie und \u00d6kotoxikologie mit Abschluss Bachelor oder Master immatrikulierten Studierenden gem\u00e4\u00df \u00a7 27 der Studierendenschaftssatzung.\u201c<\/p>\n\n\n\n<p>Dies k\u00f6nnt ihr auch&nbsp;<a href=\"https:\/\/www.rwth-aachen.de\/global\/show_document.asp?id=aaaaaaaaabdkzub\">Fachschaftsordnung<\/a> nachlesen. Der Begriff Fachschaft bezeichnet die Gesamtheit der Studierenden der oben genannten Studieng\u00e4nge, meist wird er allerdings als Synonym f\u00fcr den Fachschaftsrat verwendet. <\/p>\n\n\n\n<p>Wir, der Fachschaftsrat, sind ein Kollektiv von aktiven Studierenden, welche sich ehrenamtlich f\u00fcr die Interessen der Studierenden der Fachschaft einsetzt. Unsere Gruppe besteht aus 38 gew\u00e4hlten Mitgliedern und zahlreichen helfenden H\u00e4nden aus der Fachschaft.<\/p>\n\n\n\n<p>Wir stehen bei Fragen oder anderen Anliegen w\u00e4hrend unserer Sprechstunden und per Mail f\u00fcr euch zur Verf\u00fcgung. <\/p>\n\n\n\n<p>\u00dcber die verschiedene Arbeitsgruppen und Gremien stehen wir mit der Fachgruppe in regem Austausch. In diesen vertreten wir eure Anliegen bestm\u00f6glich. In welchen Gremien wir vertreten sind und was f\u00fcr Arbeitsgruppen wir haben findet ihr <a href=\"https:\/\/www.fsbio.rwth-aachen.de\/?page_id=2160\" data-type=\"URL\" data-id=\"https:\/\/www.fsbio.rwth-aachen.de\/?page_id=2160\">hier<\/a>.<\/p>\n\n\n\n<h4>Wie kann man uns erreichen?<\/h4>\n\n\n\n<p>Fachschaft I\/3 &#8211; Biowissenschaften<br>Raum: 42A011<br>(Sammelbau Biologie I der RWTH Aachen)<br>Worringerweg 1<br>52074 Aachen<br>F\u00fcr Postsendungen PLZ 52056<\/p>\n\n\n\n<p>Tel: +49 241 80 26693<br>E-Mail: <a href=\"mailto:info@fsbio.rwth-aachen.de\">info@fsbio.rwth-aachen.de<\/a><br>Web:\u00a0<a href=\"http:\/\/www.fsbio.rwth-aachen.de\/\">http:\/\/www.fsbio.rwth-aachen.de<\/a><\/p>\n\n\n\n<p><\/p>\n\n\n<p><!--EndFragment--><\/p>\n<p><\/p>","protected":false},"excerpt":{"rendered":"<p>Die&nbsp;Fachschaft Biowissenschaften (I\/3)&nbsp;ist die \u201eVereinigung aller an der RWTH Aachen im Fach Biologie, Biotechnologie und \u00d6kotoxikologie mit Abschluss Bachelor oder Master immatrikulierten Studierenden gem\u00e4\u00df \u00a7 27 der Studierendenschaftssatzung.\u201c Dies k\u00f6nnt ihr auch&nbsp;Fachschaftsordnung nachlesen. Der Begriff Fachschaft bezeichnet die Gesamtheit der Studierenden der oben genannten Studieng\u00e4nge, meist wird er allerdings als Synonym f\u00fcr den Fachschaftsrat verwendet. Wir, der Fachschaftsrat, sind ein [&hellip;]<\/p>\n","protected":false},"author":3,"featured_media":0,"parent":0,"menu_order":0,"comment_status":"closed","ping_status":"closed","template":"","meta":[],"_links":{"self":[{"href":"https:\/\/www.fsbio.rwth-aachen.de\/index.php?rest_route=\/wp\/v2\/pages\/16"}],"collection":[{"href":"https:\/\/www.fsbio.rwth-aachen.de\/index.php?rest_route=\/wp\/v2\/pages"}],"about":[{"href":"https:\/\/www.fsbio.rwth-aachen.de\/index.php?rest_route=\/wp\/v2\/types\/page"}],"author":[{"embeddable":true,"href":"https:\/\/www.fsbio.rwth-aachen.de\/index.php?rest_route=\/wp\/v2\/users\/3"}],"replies":[{"embeddable":true,"href":"https:\/\/www.fsbio.rwth-aachen.de\/index.php?rest_route=%2Fwp%2Fv2%2Fcomments&post=16"}],"version-history":[{"count":16,"href":"https:\/\/www.fsbio.rwth-aachen.de\/index.php?rest_route=\/wp\/v2\/pages\/16\/revisions"}],"predecessor-version":[{"id":3019,"href":"https:\/\/www.fsbio.rwth-aachen.de\/index.php?rest_route=\/wp\/v2\/pages\/16\/revisions\/3019"}],"wp:attachment":[{"href":"https:\/\/www.fsbio.rwth-aachen.de\/index.php?rest_route=%2Fwp%2Fv2%2Fmedia&parent=16"}],"curies":[{"name":"wp","href":"https:\/\/api.w.org\/{rel}","templated":true}]}}